{"id":45,"date":"2020-09-17T02:41:10","date_gmt":"2020-09-17T02:41:10","guid":{"rendered":"http:\/\/localhost\/wp\/?page_id=45"},"modified":"2020-09-17T23:05:13","modified_gmt":"2020-09-18T05:05:13","slug":"aide","status":"publish","type":"page","link":"https:\/\/datacenter.gt\/?page_id=45","title":{"rendered":""},"content":{"rendered":"\n<div class=\"wp-block-image is-style-rounded\"><figure class=\"aligncenter size-large is-resized\"><img loading=\"lazy\" decoding=\"async\" src=\"http:\/\/localhost\/wp\/wp-content\/uploads\/2020\/09\/aide-logo.png\" alt=\"\" class=\"wp-image-51\" width=\"318\" height=\"318\" srcset=\"https:\/\/datacenter.gt\/wp-content\/uploads\/2020\/09\/aide-logo.png 424w, https:\/\/datacenter.gt\/wp-content\/uploads\/2020\/09\/aide-logo-300x300.png 300w, https:\/\/datacenter.gt\/wp-content\/uploads\/2020\/09\/aide-logo-150x150.png 150w\" sizes=\"auto, (max-width: 318px) 100vw, 318px\" \/><\/figure><\/div>\n\n\n\n<p class=\"has-text-align-center has-text-color has-large-font-size\" style=\"color:#168253\"><strong>B\u00fasqueda y reporte de informaci\u00f3n en la palma de tu mano<\/strong><\/p>\n\n\n\n<p class=\"has-white-color has-text-color has-background\" style=\"background-color:#168253\"><strong>Aide es nuestro servicio exclusivo para dispositivos m\u00f3viles, consiste en un investigador a tu disposici\u00f3n, env\u00edas una pregunta y te entregamos la respuesta.<\/strong><\/p>\n\n\n\n<p class=\"has-text-color has-large-font-size\" style=\"color:#168253\"><strong>\u00bfC\u00f3mo funciona?<\/strong><\/p>\n\n\n\n<p class=\"has-white-color has-text-color has-background\" style=\"background-color:#1da067\"><strong>Simple, env\u00eda tu consulta por el sistema de mensajer\u00eda de tu elecci\u00f3n y nosotros proveemos la informaci\u00f3n solicitada.<\/strong><\/p>\n","protected":false},"excerpt":{"rendered":"<p>B\u00fasqueda y reporte de informaci\u00f3n en la palma de tu mano Aide es nuestro servicio exclusivo para dispositivos m\u00f3viles, consiste en un investigador a tu disposici\u00f3n, env\u00edas una pregunta y te entregamos la respuesta. \u00bfC\u00f3mo funciona? Simple, env\u00eda tu consulta por el sistema de mensajer\u00eda de tu elecci\u00f3n y nosotros proveemos la informaci\u00f3n solicitada.<\/p>\n","protected":false},"author":1,"featured_media":0,"parent":0,"menu_order":0,"comment_status":"closed","ping_status":"closed","template":"","meta":{"footnotes":""},"class_list":["post-45","page","type-page","status-publish","hentry"],"_links":{"self":[{"href":"https:\/\/datacenter.gt\/index.php?rest_route=\/wp\/v2\/pages\/45","targetHints":{"allow":["GET"]}}],"collection":[{"href":"https:\/\/datacenter.gt\/index.php?rest_route=\/wp\/v2\/pages"}],"about":[{"href":"https:\/\/datacenter.gt\/index.php?rest_route=\/wp\/v2\/types\/page"}],"author":[{"embeddable":true,"href":"https:\/\/datacenter.gt\/index.php?rest_route=\/wp\/v2\/users\/1"}],"replies":[{"embeddable":true,"href":"https:\/\/datacenter.gt\/index.php?rest_route=%2Fwp%2Fv2%2Fcomments&post=45"}],"version-history":[{"count":15,"href":"https:\/\/datacenter.gt\/index.php?rest_route=\/wp\/v2\/pages\/45\/revisions"}],"predecessor-version":[{"id":128,"href":"https:\/\/datacenter.gt\/index.php?rest_route=\/wp\/v2\/pages\/45\/revisions\/128"}],"wp:attachment":[{"href":"https:\/\/datacenter.gt\/index.php?rest_route=%2Fwp%2Fv2%2Fmedia&parent=45"}],"curies":[{"name":"wp","href":"https:\/\/api.w.org\/{rel}","templated":true}]}}